{"id":67,"date":"2013-10-23T01:05:00","date_gmt":"2013-10-22T23:05:00","guid":{"rendered":"http:\/\/bilicamp.com\/?page_id=67"},"modified":"2015-06-27T09:32:28","modified_gmt":"2015-06-27T07:32:28","slug":"matricula","status":"publish","type":"page","link":"http:\/\/bilicamp.com\/?page_id=67","title":{"rendered":"Preise und Reservierungen"},"content":{"rendered":"<ul>\n<li>Precios: Calculamos que dentro de un mes tendremos los precios definitivos, ya que estamos pendientes de los presupuestos de vuelo &amp; autobus. (La lista de los touroperadores saldr\u00e1 en Noviembre.)<\/li>\n<li>Reservas: Si est\u00e1 interesado en comunicarnos su inter\u00e9s sin compromiso alguno, le estar\u00edamos agradecido si nos hace llegar un breve correo electr\u00f3nico a la siguiente direci\u00f3n electr\u00f3nica: bilicamp@yahoo.com (por favor, indica edad, nombre y instituto en que su hijo\/hija est\u00e1 inscrito.) De esta manera podemos formar grupos y avisar a tiempo cuando se agotan las plazas por instituto.<\/li>\n<\/ul>\n<p>&nbsp;<\/p>\n","protected":false},"excerpt":{"rendered":"<p>Precios: Calculamos que dentro de un mes tendremos los precios definitivos, ya que estamos pendientes de los presupuestos de vuelo &amp; autobus. (La lista de los touroperadores saldr\u00e1 en Noviembre.) Reservas: Si est\u00e1 interesado en comunicarnos su inter\u00e9s sin compromiso &hellip; <a href=\"http:\/\/bilicamp.com\/?page_id=67\">Weiterlesen <span class=\"meta-nav\">&rarr;<\/span><\/a><\/p>\n","protected":false},"author":1,"featured_media":288,"parent":0,"menu_order":11,"comment_status":"open","ping_status":"open","template":"","meta":{"ngg_post_thumbnail":0,"footnotes":""},"class_list":["post-67","page","type-page","status-publish","has-post-thumbnail","hentry"],"_links":{"self":[{"href":"http:\/\/bilicamp.com\/index.php?rest_route=\/wp\/v2\/pages\/67","targetHints":{"allow":["GET"]}}],"collection":[{"href":"http:\/\/bilicamp.com\/index.php?rest_route=\/wp\/v2\/pages"}],"about":[{"href":"http:\/\/bilicamp.com\/index.php?rest_route=\/wp\/v2\/types\/page"}],"author":[{"embeddable":true,"href":"http:\/\/bilicamp.com\/index.php?rest_route=\/wp\/v2\/users\/1"}],"replies":[{"embeddable":true,"href":"http:\/\/bilicamp.com\/index.php?rest_route=%2Fwp%2Fv2%2Fcomments&post=67"}],"version-history":[{"count":8,"href":"http:\/\/bilicamp.com\/index.php?rest_route=\/wp\/v2\/pages\/67\/revisions"}],"predecessor-version":[{"id":308,"href":"http:\/\/bilicamp.com\/index.php?rest_route=\/wp\/v2\/pages\/67\/revisions\/308"}],"wp:featuredmedia":[{"embeddable":true,"href":"http:\/\/bilicamp.com\/index.php?rest_route=\/wp\/v2\/media\/288"}],"wp:attachment":[{"href":"http:\/\/bilicamp.com\/index.php?rest_route=%2Fwp%2Fv2%2Fmedia&parent=67"}],"curies":[{"name":"wp","href":"https:\/\/api.w.org\/{rel}","templated":true}]}}