{"id":65,"date":"2013-10-23T01:04:04","date_gmt":"2013-10-22T23:04:04","guid":{"rendered":"http:\/\/bilicamp.com\/?page_id=65"},"modified":"2015-06-27T09:31:58","modified_gmt":"2015-06-27T07:31:58","slug":"contacto","status":"publish","type":"page","link":"http:\/\/bilicamp.com\/?page_id=65","title":{"rendered":"Kontakt"},"content":{"rendered":"<p>Datos de contacto del campamento en Alemania:<\/p>\n<ul>\n<li>correo electr\u00f3nico: bilicamp@yahoo.com<\/li>\n<li>tel\u00e9fono: 0049+15773361978 (Michel Wollenschneider)<\/li>\n<\/ul>\n<p>Datos de contacto para los alumnos de Mayco School:<\/p>\n<ul>\n<li>tel\u00e9fono: 922 266302<\/li>\n<\/ul>\n","protected":false},"excerpt":{"rendered":"<p>Datos de contacto del campamento en Alemania: correo electr\u00f3nico: bilicamp@yahoo.com tel\u00e9fono: 0049+15773361978 (Michel Wollenschneider) Datos de contacto para los alumnos de Mayco School: tel\u00e9fono: 922 266302<\/p>\n","protected":false},"author":1,"featured_media":0,"parent":0,"menu_order":12,"comment_status":"open","ping_status":"closed","template":"","meta":{"ngg_post_thumbnail":0,"footnotes":""},"class_list":["post-65","page","type-page","status-publish","hentry"],"_links":{"self":[{"href":"http:\/\/bilicamp.com\/index.php?rest_route=\/wp\/v2\/pages\/65","targetHints":{"allow":["GET"]}}],"collection":[{"href":"http:\/\/bilicamp.com\/index.php?rest_route=\/wp\/v2\/pages"}],"about":[{"href":"http:\/\/bilicamp.com\/index.php?rest_route=\/wp\/v2\/types\/page"}],"author":[{"embeddable":true,"href":"http:\/\/bilicamp.com\/index.php?rest_route=\/wp\/v2\/users\/1"}],"replies":[{"embeddable":true,"href":"http:\/\/bilicamp.com\/index.php?rest_route=%2Fwp%2Fv2%2Fcomments&post=65"}],"version-history":[{"count":12,"href":"http:\/\/bilicamp.com\/index.php?rest_route=\/wp\/v2\/pages\/65\/revisions"}],"predecessor-version":[{"id":307,"href":"http:\/\/bilicamp.com\/index.php?rest_route=\/wp\/v2\/pages\/65\/revisions\/307"}],"wp:attachment":[{"href":"http:\/\/bilicamp.com\/index.php?rest_route=%2Fwp%2Fv2%2Fmedia&parent=65"}],"curies":[{"name":"wp","href":"https:\/\/api.w.org\/{rel}","templated":true}]}}