{"id":52,"date":"2013-10-23T00:14:00","date_gmt":"2013-10-22T22:14:00","guid":{"rendered":"http:\/\/bilicamp.com\/?page_id=52"},"modified":"2015-06-27T09:30:50","modified_gmt":"2015-06-27T07:30:50","slug":"el-profesorado","status":"publish","type":"page","link":"http:\/\/bilicamp.com\/?page_id=52","title":{"rendered":"Das Team"},"content":{"rendered":"<p>Nuestro equipo educativo est\u00e1 compuesto por profesores nativos que han disfrutado de una ense\u00f1anza biling\u00fce, en su mayor\u00eda desde la infancia. (padres espa\u00f1oles \/ alemanes). Tres de los seis profesores imparten sus clases tambi\u00e9n en Mayco School of English. Adem\u00e1s contamos con un experto en CLIL que ayuda en el dise\u00f1o de las unidades did\u00e1cticas interdisciplinares. Nuestro equipo apuesta por una ense\u00f1anza basada en la metodolog\u00eda del \u201cNatural Approach\u201d, teniendo en cuenta cada individuo. As\u00ed averiguamos en conversaciones desde el principio el nivel de cada uno y les acompa\u00f1aremos en su aprendizaje a lo largo del campamento, gui\u00e1ndoles de nivel a nivel. Nunca perdiendo de vista, que el disfrute y la diversi\u00f3n compartida sean las piedras angulares de esta metodolog\u00eda de constructivismo.<\/p>\n<p>Cada alumno recibe al final del campamento un informe sobre sus competencias en la lengua extranjera para poder continuar el trabajo junto con el profesor del instituto.<\/p>\n<p>&nbsp;<\/p>\n","protected":false},"excerpt":{"rendered":"<p>Nuestro equipo educativo est\u00e1 compuesto por profesores nativos que han disfrutado de una ense\u00f1anza biling\u00fce, en su mayor\u00eda desde la infancia. (padres espa\u00f1oles \/ alemanes). Tres de los seis profesores imparten sus clases tambi\u00e9n en Mayco School of English. Adem\u00e1s &hellip; <a href=\"http:\/\/bilicamp.com\/?page_id=52\">Weiterlesen <span class=\"meta-nav\">&rarr;<\/span><\/a><\/p>\n","protected":false},"author":1,"featured_media":231,"parent":0,"menu_order":4,"comment_status":"open","ping_status":"open","template":"","meta":{"ngg_post_thumbnail":0,"footnotes":""},"class_list":["post-52","page","type-page","status-publish","has-post-thumbnail","hentry"],"_links":{"self":[{"href":"http:\/\/bilicamp.com\/index.php?rest_route=\/wp\/v2\/pages\/52","targetHints":{"allow":["GET"]}}],"collection":[{"href":"http:\/\/bilicamp.com\/index.php?rest_route=\/wp\/v2\/pages"}],"about":[{"href":"http:\/\/bilicamp.com\/index.php?rest_route=\/wp\/v2\/types\/page"}],"author":[{"embeddable":true,"href":"http:\/\/bilicamp.com\/index.php?rest_route=\/wp\/v2\/users\/1"}],"replies":[{"embeddable":true,"href":"http:\/\/bilicamp.com\/index.php?rest_route=%2Fwp%2Fv2%2Fcomments&post=52"}],"version-history":[{"count":13,"href":"http:\/\/bilicamp.com\/index.php?rest_route=\/wp\/v2\/pages\/52\/revisions"}],"predecessor-version":[{"id":305,"href":"http:\/\/bilicamp.com\/index.php?rest_route=\/wp\/v2\/pages\/52\/revisions\/305"}],"wp:featuredmedia":[{"embeddable":true,"href":"http:\/\/bilicamp.com\/index.php?rest_route=\/wp\/v2\/media\/231"}],"wp:attachment":[{"href":"http:\/\/bilicamp.com\/index.php?rest_route=%2Fwp%2Fv2%2Fmedia&parent=52"}],"curies":[{"name":"wp","href":"https:\/\/api.w.org\/{rel}","templated":true}]}}