{"id":45,"date":"2013-10-22T23:15:27","date_gmt":"2013-10-22T21:15:27","guid":{"rendered":"http:\/\/bilicamp.com\/?page_id=45"},"modified":"2015-06-27T09:30:24","modified_gmt":"2015-06-27T07:30:24","slug":"el-sitio","status":"publish","type":"page","link":"http:\/\/bilicamp.com\/?page_id=45","title":{"rendered":"Der Ort und die Umgebung"},"content":{"rendered":"<p>Bad Segeberg es una peque\u00f1a ciudad de 17.000 habitantes. Se sit\u00faa a medio camino entre Hamburgo y las playas del Mar B\u00e1ltico en el norte de Alemania. En esta regi\u00f3n la gente apenas hablan con acento, lo cual facilita la toma de contacto.<\/p>\n<p>Bad Segeberg destaca por algo muy especial\u2026 El estado alem\u00e1n reconoce a las ciudades con el t\u00edtulo \u201cBad\u201d cuando son indicativos de salud y calidad de vida.<\/p>\n<p>Como puede apreciar en las im\u00e1genes, el parador se encuentra al lado de un lago y a solo 5 minutos del centro de la ciudad. La propiedad es bastante grande y ofrece espacio para practicar deportes, organizar actividades o simplemente para disfrutar de momentos de relax.<\/p>\n<p style=\"text-align: left;\"><a href=\"http:\/\/bilicamp.com\/wp-content\/uploads\/2013\/10\/IMGP5723.jpg\"><img loading=\"lazy\" decoding=\"async\" class=\"alignnone size-medium wp-image-221\" alt=\"IMGP5723\" src=\"http:\/\/bilicamp.com\/wp-content\/uploads\/2013\/10\/IMGP5723-300x200.jpg\" width=\"300\" height=\"200\" srcset=\"http:\/\/bilicamp.com\/wp-content\/uploads\/2013\/10\/IMGP5723-300x200.jpg 300w, http:\/\/bilicamp.com\/wp-content\/uploads\/2013\/10\/IMGP5723-1024x682.jpg 1024w, http:\/\/bilicamp.com\/wp-content\/uploads\/2013\/10\/IMGP5723-450x300.jpg 450w\" sizes=\"auto, (max-width: 300px) 100vw, 300px\" \/><\/a><a href=\"http:\/\/bilicamp.com\/wp-content\/uploads\/2013\/10\/IMGP5721.jpg\"><img loading=\"lazy\" decoding=\"async\" class=\"alignnone size-medium wp-image-220\" alt=\"IMGP5721\" src=\"http:\/\/bilicamp.com\/wp-content\/uploads\/2013\/10\/IMGP5721-300x200.jpg\" width=\"300\" height=\"200\" srcset=\"http:\/\/bilicamp.com\/wp-content\/uploads\/2013\/10\/IMGP5721-300x200.jpg 300w, http:\/\/bilicamp.com\/wp-content\/uploads\/2013\/10\/IMGP5721-1024x682.jpg 1024w, http:\/\/bilicamp.com\/wp-content\/uploads\/2013\/10\/IMGP5721-450x300.jpg 450w\" sizes=\"auto, (max-width: 300px) 100vw, 300px\" \/><\/a><a href=\"http:\/\/bilicamp.com\/wp-content\/uploads\/2013\/10\/IMGP5691.jpg\"><img loading=\"lazy\" decoding=\"async\" class=\"alignnone size-medium wp-image-224\" alt=\"IMGP5691\" src=\"http:\/\/bilicamp.com\/wp-content\/uploads\/2013\/10\/IMGP5691-300x200.jpg\" width=\"300\" height=\"200\" srcset=\"http:\/\/bilicamp.com\/wp-content\/uploads\/2013\/10\/IMGP5691-300x200.jpg 300w, http:\/\/bilicamp.com\/wp-content\/uploads\/2013\/10\/IMGP5691-1024x682.jpg 1024w, http:\/\/bilicamp.com\/wp-content\/uploads\/2013\/10\/IMGP5691-450x300.jpg 450w\" sizes=\"auto, (max-width: 300px) 100vw, 300px\" \/><\/a> <a href=\"http:\/\/bilicamp.com\/wp-content\/uploads\/2013\/10\/IMGP5715.jpg\"><img loading=\"lazy\" decoding=\"async\" class=\"alignnone size-medium wp-image-225\" alt=\"IMGP5715\" src=\"http:\/\/bilicamp.com\/wp-content\/uploads\/2013\/10\/IMGP5715-300x200.jpg\" width=\"300\" height=\"200\" srcset=\"http:\/\/bilicamp.com\/wp-content\/uploads\/2013\/10\/IMGP5715-300x200.jpg 300w, http:\/\/bilicamp.com\/wp-content\/uploads\/2013\/10\/IMGP5715-1024x682.jpg 1024w, http:\/\/bilicamp.com\/wp-content\/uploads\/2013\/10\/IMGP5715-450x300.jpg 450w\" sizes=\"auto, (max-width: 300px) 100vw, 300px\" \/><\/a> <a href=\"http:\/\/bilicamp.com\/wp-content\/uploads\/2013\/10\/IMGP5725.jpg\"><img loading=\"lazy\" decoding=\"async\" class=\"alignnone size-medium wp-image-226\" alt=\"IMGP5725\" src=\"http:\/\/bilicamp.com\/wp-content\/uploads\/2013\/10\/IMGP5725-300x200.jpg\" width=\"300\" height=\"200\" srcset=\"http:\/\/bilicamp.com\/wp-content\/uploads\/2013\/10\/IMGP5725-300x200.jpg 300w, http:\/\/bilicamp.com\/wp-content\/uploads\/2013\/10\/IMGP5725-1024x682.jpg 1024w, http:\/\/bilicamp.com\/wp-content\/uploads\/2013\/10\/IMGP5725-450x300.jpg 450w\" sizes=\"auto, (max-width: 300px) 100vw, 300px\" \/><\/a><a href=\"http:\/\/bilicamp.com\/wp-content\/uploads\/2013\/10\/zimmer.jpg\"><img loading=\"lazy\" decoding=\"async\" class=\"alignnone size-medium wp-image-281\" alt=\"zimmer\" src=\"http:\/\/bilicamp.com\/wp-content\/uploads\/2013\/10\/zimmer-200x300.jpg\" width=\"200\" height=\"300\" srcset=\"http:\/\/bilicamp.com\/wp-content\/uploads\/2013\/10\/zimmer-200x300.jpg 200w, http:\/\/bilicamp.com\/wp-content\/uploads\/2013\/10\/zimmer-682x1024.jpg 682w, http:\/\/bilicamp.com\/wp-content\/uploads\/2013\/10\/zimmer.jpg 2048w\" sizes=\"auto, (max-width: 200px) 100vw, 200px\" \/><\/a><a href=\"http:\/\/bilicamp.com\/wp-content\/uploads\/2013\/10\/IMGP5677.jpg\"><img loading=\"lazy\" decoding=\"async\" class=\"alignnone size-medium wp-image-282\" alt=\"IMGP5677\" src=\"http:\/\/bilicamp.com\/wp-content\/uploads\/2013\/10\/IMGP5677-300x200.jpg\" width=\"300\" height=\"200\" srcset=\"http:\/\/bilicamp.com\/wp-content\/uploads\/2013\/10\/IMGP5677-300x200.jpg 300w, http:\/\/bilicamp.com\/wp-content\/uploads\/2013\/10\/IMGP5677-1024x682.jpg 1024w, http:\/\/bilicamp.com\/wp-content\/uploads\/2013\/10\/IMGP5677-450x300.jpg 450w\" sizes=\"auto, (max-width: 300px) 100vw, 300px\" \/><\/a><a href=\"http:\/\/bilicamp.com\/wp-content\/uploads\/2013\/10\/grafik-deutschland-relief-karte-weg.php-ort_loc_id14811ort_loc_id2107324.png\"><img loading=\"lazy\" decoding=\"async\" class=\"alignnone size-medium wp-image-291\" alt=\"grafik-deutschland-relief-karte-weg.php ort_loc_id=14811&amp;ort_loc_id2=107324\" src=\"http:\/\/bilicamp.com\/wp-content\/uploads\/2013\/10\/grafik-deutschland-relief-karte-weg.php-ort_loc_id14811ort_loc_id2107324-220x300.png\" width=\"220\" height=\"300\" srcset=\"http:\/\/bilicamp.com\/wp-content\/uploads\/2013\/10\/grafik-deutschland-relief-karte-weg.php-ort_loc_id14811ort_loc_id2107324-220x300.png 220w, http:\/\/bilicamp.com\/wp-content\/uploads\/2013\/10\/grafik-deutschland-relief-karte-weg.php-ort_loc_id14811ort_loc_id2107324.png 560w\" sizes=\"auto, (max-width: 220px) 100vw, 220px\" \/><\/a><\/p>\n<p>&nbsp;<\/p>\n<p>&nbsp;<\/p>\n","protected":false},"excerpt":{"rendered":"<p>Bad Segeberg es una peque\u00f1a ciudad de 17.000 habitantes. Se sit\u00faa a medio camino entre Hamburgo y las playas del Mar B\u00e1ltico en el norte de Alemania. En esta regi\u00f3n la gente apenas hablan con acento, lo cual facilita la &hellip; <a href=\"http:\/\/bilicamp.com\/?page_id=45\">Weiterlesen <span class=\"meta-nav\">&rarr;<\/span><\/a><\/p>\n","protected":false},"author":1,"featured_media":227,"parent":0,"menu_order":3,"comment_status":"open","ping_status":"closed","template":"","meta":{"ngg_post_thumbnail":0,"footnotes":""},"class_list":["post-45","page","type-page","status-publish","has-post-thumbnail","hentry"],"_links":{"self":[{"href":"http:\/\/bilicamp.com\/index.php?rest_route=\/wp\/v2\/pages\/45","targetHints":{"allow":["GET"]}}],"collection":[{"href":"http:\/\/bilicamp.com\/index.php?rest_route=\/wp\/v2\/pages"}],"about":[{"href":"http:\/\/bilicamp.com\/index.php?rest_route=\/wp\/v2\/types\/page"}],"author":[{"embeddable":true,"href":"http:\/\/bilicamp.com\/index.php?rest_route=\/wp\/v2\/users\/1"}],"replies":[{"embeddable":true,"href":"http:\/\/bilicamp.com\/index.php?rest_route=%2Fwp%2Fv2%2Fcomments&post=45"}],"version-history":[{"count":15,"href":"http:\/\/bilicamp.com\/index.php?rest_route=\/wp\/v2\/pages\/45\/revisions"}],"predecessor-version":[{"id":303,"href":"http:\/\/bilicamp.com\/index.php?rest_route=\/wp\/v2\/pages\/45\/revisions\/303"}],"wp:featuredmedia":[{"embeddable":true,"href":"http:\/\/bilicamp.com\/index.php?rest_route=\/wp\/v2\/media\/227"}],"wp:attachment":[{"href":"http:\/\/bilicamp.com\/index.php?rest_route=%2Fwp%2Fv2%2Fmedia&parent=45"}],"curies":[{"name":"wp","href":"https:\/\/api.w.org\/{rel}","templated":true}]}}