{"id":25,"date":"2013-10-21T01:59:16","date_gmt":"2013-10-20T23:59:16","guid":{"rendered":"http:\/\/bilicamp.com\/?page_id=25"},"modified":"2015-06-27T09:32:52","modified_gmt":"2015-06-27T07:32:52","slug":"actividades","status":"publish","type":"page","link":"http:\/\/bilicamp.com\/?page_id=25","title":{"rendered":"Aktivit\u00e4ten"},"content":{"rendered":"<p>La diversidad de actividades es la fuente de nuestra ense\u00f1anza. Es aqu\u00ed donde surge la mayor parte de la comunicaci\u00f3n y coordinaci\u00f3n entre los j\u00f3venes. En nuestra planificaci\u00f3n did\u00e1ctica no solo tenemos en cuenta estas situaciones comunicativas, sino que las buscamos para crear contextos ling\u00fc\u00edsticos. Seguimos un camino de aprendizaje creciente, dejando espacio para la espontaneidad y la improvisaci\u00f3n. Por eso nos importa mucho que el equipo no se limite a sus competencias como monitores sino que intervengan como profesores. El cat\u00e1logo inicial se presenta de la siguiente manera: (puede sufrir ciertas modificaciones en los pr\u00f3ximos meses)<\/p>\n<ul>\n<li>Nataci\u00f3n<\/li>\n<li>Ir en canoa<\/li>\n<li>Ir en bicicleta<\/li>\n<li>Voleibol<\/li>\n<li>F\u00fatbol<\/li>\n<li>Tenis de mesa<\/li>\n<li>Baloncesto<\/li>\n<li>Escalada<\/li>\n<li>Montar en caballo<\/li>\n<li>Caminata<\/li>\n<li>Billar<\/li>\n<li>Talleres culturales<\/li>\n<li>Torneos deportivos y nuestra estrella, \u201cSchlag bili\u201d: una competici\u00f3n de juegos inventados, inspirado en un Show alem\u00e1n muy famoso \u201cSchlag den Raab\u201d.<\/li>\n<\/ul>\n<p><a href=\"http:\/\/bilicamp.com\/wp-content\/uploads\/2013\/10\/1133594_blog.jpg\"><img loading=\"lazy\" decoding=\"async\" class=\"alignnone size-medium wp-image-199\" alt=\"1133594_blog\" src=\"http:\/\/bilicamp.com\/wp-content\/uploads\/2013\/10\/1133594_blog-300x199.jpg\" width=\"300\" height=\"199\" srcset=\"http:\/\/bilicamp.com\/wp-content\/uploads\/2013\/10\/1133594_blog-300x199.jpg 300w, http:\/\/bilicamp.com\/wp-content\/uploads\/2013\/10\/1133594_blog.jpg 450w\" sizes=\"auto, (max-width: 300px) 100vw, 300px\" \/><\/a><a href=\"http:\/\/bilicamp.com\/wp-content\/uploads\/2013\/10\/504164_photo_jpg_xs_clipdealer.de_1.jpg\"><img loading=\"lazy\" decoding=\"async\" class=\"alignnone size-medium wp-image-233\" alt=\"504164_photo_jpg_xs_clipdealer.de\" src=\"http:\/\/bilicamp.com\/wp-content\/uploads\/2013\/10\/504164_photo_jpg_xs_clipdealer.de_1-198x300.jpg\" width=\"198\" height=\"300\" srcset=\"http:\/\/bilicamp.com\/wp-content\/uploads\/2013\/10\/504164_photo_jpg_xs_clipdealer.de_1-198x300.jpg 198w, http:\/\/bilicamp.com\/wp-content\/uploads\/2013\/10\/504164_photo_jpg_xs_clipdealer.de_1.jpg 315w\" sizes=\"auto, (max-width: 198px) 100vw, 198px\" \/><\/a><a href=\"http:\/\/bilicamp.com\/wp-content\/uploads\/2013\/10\/7651710_blog.jpg\"><img loading=\"lazy\" decoding=\"async\" class=\"alignnone size-medium wp-image-234\" alt=\"7651710_blog\" src=\"http:\/\/bilicamp.com\/wp-content\/uploads\/2013\/10\/7651710_blog-200x300.jpg\" width=\"200\" height=\"300\" srcset=\"http:\/\/bilicamp.com\/wp-content\/uploads\/2013\/10\/7651710_blog-200x300.jpg 200w, http:\/\/bilicamp.com\/wp-content\/uploads\/2013\/10\/7651710_blog.jpg 300w\" sizes=\"auto, (max-width: 200px) 100vw, 200px\" \/><\/a><a href=\"http:\/\/bilicamp.com\/wp-content\/uploads\/2013\/10\/7521803_blog.jpg\"><img loading=\"lazy\" decoding=\"async\" class=\"alignnone size-medium wp-image-235\" alt=\"7521803_blog\" src=\"http:\/\/bilicamp.com\/wp-content\/uploads\/2013\/10\/7521803_blog-200x300.jpg\" width=\"200\" height=\"300\" srcset=\"http:\/\/bilicamp.com\/wp-content\/uploads\/2013\/10\/7521803_blog-200x300.jpg 200w, http:\/\/bilicamp.com\/wp-content\/uploads\/2013\/10\/7521803_blog.jpg 300w\" sizes=\"auto, (max-width: 200px) 100vw, 200px\" \/><\/a><a href=\"http:\/\/bilicamp.com\/wp-content\/uploads\/2013\/10\/11775784_blog.jpg\"><img loading=\"lazy\" decoding=\"async\" class=\"alignnone size-medium wp-image-255\" alt=\"11775784_blog\" src=\"http:\/\/bilicamp.com\/wp-content\/uploads\/2013\/10\/11775784_blog-300x200.jpg\" width=\"300\" height=\"200\" srcset=\"http:\/\/bilicamp.com\/wp-content\/uploads\/2013\/10\/11775784_blog-300x200.jpg 300w, http:\/\/bilicamp.com\/wp-content\/uploads\/2013\/10\/11775784_blog.jpg 450w\" sizes=\"auto, (max-width: 300px) 100vw, 300px\" \/><\/a><\/p>\n<p>&nbsp;<\/p>\n<p>&nbsp;<\/p>\n","protected":false},"excerpt":{"rendered":"<p>La diversidad de actividades es la fuente de nuestra ense\u00f1anza. Es aqu\u00ed donde surge la mayor parte de la comunicaci\u00f3n y coordinaci\u00f3n entre los j\u00f3venes. En nuestra planificaci\u00f3n did\u00e1ctica no solo tenemos en cuenta estas situaciones comunicativas, sino que las &hellip; <a href=\"http:\/\/bilicamp.com\/?page_id=25\">Weiterlesen <span class=\"meta-nav\">&rarr;<\/span><\/a><\/p>\n","protected":false},"author":1,"featured_media":206,"parent":0,"menu_order":5,"comment_status":"open","ping_status":"open","template":"","meta":{"ngg_post_thumbnail":0,"footnotes":""},"class_list":["post-25","page","type-page","status-publish","has-post-thumbnail","hentry"],"_links":{"self":[{"href":"http:\/\/bilicamp.com\/index.php?rest_route=\/wp\/v2\/pages\/25","targetHints":{"allow":["GET"]}}],"collection":[{"href":"http:\/\/bilicamp.com\/index.php?rest_route=\/wp\/v2\/pages"}],"about":[{"href":"http:\/\/bilicamp.com\/index.php?rest_route=\/wp\/v2\/types\/page"}],"author":[{"embeddable":true,"href":"http:\/\/bilicamp.com\/index.php?rest_route=\/wp\/v2\/users\/1"}],"replies":[{"embeddable":true,"href":"http:\/\/bilicamp.com\/index.php?rest_route=%2Fwp%2Fv2%2Fcomments&post=25"}],"version-history":[{"count":21,"href":"http:\/\/bilicamp.com\/index.php?rest_route=\/wp\/v2\/pages\/25\/revisions"}],"predecessor-version":[{"id":309,"href":"http:\/\/bilicamp.com\/index.php?rest_route=\/wp\/v2\/pages\/25\/revisions\/309"}],"wp:featuredmedia":[{"embeddable":true,"href":"http:\/\/bilicamp.com\/index.php?rest_route=\/wp\/v2\/media\/206"}],"wp:attachment":[{"href":"http:\/\/bilicamp.com\/index.php?rest_route=%2Fwp%2Fv2%2Fmedia&parent=25"}],"curies":[{"name":"wp","href":"https:\/\/api.w.org\/{rel}","templated":true}]}}